{"id":1014,"date":"2024-11-06T09:10:43","date_gmt":"2024-11-06T09:10:43","guid":{"rendered":"https:\/\/stage.meingruenstrom.de\/?page_id=1014"},"modified":"2024-11-08T09:57:48","modified_gmt":"2024-11-08T09:57:48","slug":"ueber-uns","status":"publish","type":"page","link":"https:\/\/stage.meingruenstrom.de\/?page_id=1014","title":{"rendered":"\u00dcber uns"},"content":{"rendered":"\t\t<div data-elementor-type=\"wp-page\" data-elementor-id=\"1014\" class=\"elementor elementor-1014\">\n\t\t\t\t\t\t<section class=\"elementor-section elementor-top-section elementor-element elementor-element-43d766d elementor-section-boxed elementor-section-height-default elementor-section-height-default\" data-id=\"43d766d\" data-element_type=\"section\">\n\t\t\t\t\t\t<div class=\"elementor-container elementor-column-gap-default\">\n\t\t\t\t\t<div class=\"elementor-column elementor-col-100 elementor-top-column elementor-element elementor-element-ddccf4f\" data-id=\"ddccf4f\" data-element_type=\"column\">\n\t\t\t<div class=\"elementor-widget-wrap elementor-element-populated\">\n\t\t\t\t\t\t<div class=\"elementor-element elementor-element-ea12abb elementor-widget elementor-widget-heading\" data-id=\"ea12abb\" data-element_type=\"widget\" data-widget_type=\"heading.default\">\n\t\t\t\t<div class=\"elementor-widget-container\">\n\t\t\t<h2 class=\"elementor-heading-title elementor-size-default\">\u00dcber uns<\/h2>\t\t<\/div>\n\t\t\t\t<\/div>\n\t\t\t\t\t<\/div>\n\t\t<\/div>\n\t\t\t\t\t<\/div>\n\t\t<\/section>\n\t\t\t\t<section class=\"elementor-section elementor-top-section elementor-element elementor-element-8c34b21 elementor-section-boxed elementor-section-height-default elementor-section-height-default\" data-id=\"8c34b21\" data-element_type=\"section\">\n\t\t\t\t\t\t<div class=\"elementor-container elementor-column-gap-default\">\n\t\t\t\t\t<div class=\"elementor-column elementor-col-100 elementor-top-column elementor-element elementor-element-9ceb605\" data-id=\"9ceb605\" data-element_type=\"column\">\n\t\t\t<div class=\"elementor-widget-wrap elementor-element-populated\">\n\t\t\t\t\t\t<div class=\"elementor-element elementor-element-e550057 elementor-widget elementor-widget-heading\" data-id=\"e550057\" data-element_type=\"widget\" data-widget_type=\"heading.default\">\n\t\t\t\t<div class=\"elementor-widget-container\">\n\t\t\t<h2 class=\"elementor-heading-title elementor-size-default\">Gib hier deine \u00dcberschrift ein<\/h2>\t\t<\/div>\n\t\t\t\t<\/div>\n\t\t\t\t<div class=\"elementor-element elementor-element-cd7719a elementor-widget elementor-widget-text-editor\" data-id=\"cd7719a\" data-element_type=\"widget\" data-widget_type=\"text-editor.default\">\n\t\t\t\t<div class=\"elementor-widget-container\">\n\t\t\t\t\t\t\t<div>Wir sind angetreten, um den Strommarkt neu zu denken.\u00a0<\/div><div>\u00a0<\/div><div>Mit \u00fcber 20 Jahren Expertise in der Energiebranche haben wir eine klare Mission: Die Vermarktung und den Handel von erneuerbarer Energie einfacher, transparenter und wirtschaftlicher zu gestalten.<\/div><div>\u00a0<\/div><div>Unsere \u00dcberzeugung: Strom geh\u00f6rt in die H\u00e4nde derer, die ihn erzeugen und verbrauchen. Genau deshalb setzen wir auf direkte Verbindungen zwischen Stromproduzenten und -abnehmern.\u00a0<\/div><div>\u00a0<\/div><div>Mit unserer Expertise in Planung und Vermarktung schaffen wir ein System, das allen Beteiligten Planungssicherheit, Unabh\u00e4ngigkeit und finanzielle Vorteile bietet.<\/div><div>\u00a0<\/div><div>Durch unser breites Netzwerk finden wir f\u00fcr jeden Bedarf die optimale L\u00f6sung &#8211; egal ob kleine oder gro\u00dfe Strommengen.\u00a0Wir verbinden die richtigen Partner und erm\u00f6glichen so eine wirtschaftliche, planbare und nachhaltige Energieversorgung f\u00fcr alle Beteiligten.<\/div><div>\u00a0<\/div><div>Unser Team bringt nicht nur technische Expertise mit, sondern auch die Leidenschaft, den Energiemarkt fairer und zukunftsf\u00e4higer zu gestalten.\u00a0<\/div><div>\u00a0<\/div><div><strong>Wir glauben fest daran, dass die Dezentralisierung der Stromversorgung der Schl\u00fcssel zu einer erfolgreichen Energiezukunft ist.<\/strong><\/div>\t\t\t\t\t\t<\/div>\n\t\t\t\t<\/div>\n\t\t\t\t\t<\/div>\n\t\t<\/div>\n\t\t\t\t\t<\/div>\n\t\t<\/section>\n\t\t\t\t<\/div>\n\t\t","protected":false},"excerpt":{"rendered":"<p>\u00dcber uns Gib hier deine \u00dcberschrift ein Wir sind angetreten, um den Strommarkt neu zu denken.\u00a0\u00a0Mit \u00fcber 20 Jahren Expertise in der Energiebranche haben wir eine<span class=\"excerpt-hellip\"> [\u2026]<\/span><\/p>\n","protected":false},"author":1,"featured_media":0,"parent":0,"menu_order":0,"comment_status":"closed","ping_status":"closed","template":"","meta":{"footnotes":""},"class_list":["post-1014","page","type-page","status-publish","hentry"],"_links":{"self":[{"href":"https:\/\/stage.meingruenstrom.de\/index.php?rest_route=\/wp\/v2\/pages\/1014"}],"collection":[{"href":"https:\/\/stage.meingruenstrom.de\/index.php?rest_route=\/wp\/v2\/pages"}],"about":[{"href":"https:\/\/stage.meingruenstrom.de\/index.php?rest_route=\/wp\/v2\/types\/page"}],"author":[{"embeddable":true,"href":"https:\/\/stage.meingruenstrom.de\/index.php?rest_route=\/wp\/v2\/users\/1"}],"replies":[{"embeddable":true,"href":"https:\/\/stage.meingruenstrom.de\/index.php?rest_route=%2Fwp%2Fv2%2Fcomments&post=1014"}],"version-history":[{"count":10,"href":"https:\/\/stage.meingruenstrom.de\/index.php?rest_route=\/wp\/v2\/pages\/1014\/revisions"}],"predecessor-version":[{"id":1092,"href":"https:\/\/stage.meingruenstrom.de\/index.php?rest_route=\/wp\/v2\/pages\/1014\/revisions\/1092"}],"wp:attachment":[{"href":"https:\/\/stage.meingruenstrom.de\/index.php?rest_route=%2Fwp%2Fv2%2Fmedia&parent=1014"}],"curies":[{"name":"wp","href":"https:\/\/api.w.org\/{rel}","templated":true}]}}